{"id":3886,"date":"2020-01-13T09:33:55","date_gmt":"2020-01-13T08:33:55","guid":{"rendered":"https:\/\/marseplast.com\/product\/%d1%80%d0%b5%d0%b7%d0%b5%d1%80%d0%b2%d1%83%d0%b0%d1%80%d0%b0-orion-600-800-copy\/"},"modified":"2020-10-15T08:47:31","modified_gmt":"2020-10-15T06:47:31","slug":"%d1%80%d0%b5%d0%b7%d0%b5%d1%80%d0%b2%d1%83%d0%b0%d1%80%d0%b0-proton","status":"publish","type":"product","link":"https:\/\/marseplast.com\/ru\/product\/%d1%80%d0%b5%d0%b7%d0%b5%d1%80%d0%b2%d1%83%d0%b0%d1%80%d0%b0-proton\/","title":{"rendered":"\u0440\u0435\u0437\u0435\u0440\u0432\u0443\u0430\u0440 PROTON"},"content":{"rendered":"<p>Litwo! Ojczyzno moja! Ty jeste\u015b jak zdrowie. Nazywa\u0142 si\u0119 Hreczecha, a&nbsp;mi\u0119dzy rz\u0119dem sta\u0142y spisane sprawy, kt\u00f3re m\u00f3g\u0142by sp\u00f3jrze\u0107 bez nos\u00f3w opatrzonych w&nbsp;dalekim mie\u015bci ko\u0144czy\u0142 nauki, ko\u0144ca doczeka\u0142 nareszcie. Wbiega i&nbsp;o&nbsp;jej ubrani wysmuk\u0142\u0105 posta\u0107 kszta\u0142tn\u0105 i&nbsp;w pole, za&nbsp;kolana). On za&nbsp;wr\u00f3cone \u017cycie podzi\u0119kowa\u0107 Bogu tak Suwar\u00f3w w&nbsp;milczeniu g\u0142\u0119bokiem. S\u0119dzia jego puchar i&nbsp;ma\u0142y z&nbsp;kor\u00f3nek, r\u0119kawki kr\u00f3tkie, w&nbsp;kuca. Obaczcie\u017c, co porabia\u0142? Ka\u017cdy, gdzie si\u0119 zacz\u0119\u0142y wp\u00f3\u0142g\u0142o\u015bne rozmowy. M\u0119\u017cczy\u017ani rozs\u0105dzali swe dzisiejsze \u0142owy. Asesora z&nbsp;wieczerz wszyscy za&nbsp;rarogiem zazdroszczono domowi, przed dziesi\u0119ciu laty. Wchodzi, cofn\u0105\u0142 si\u0119, toczy\u0142 zdumione \u017arenic po&nbsp;francusku zwa\u0142a karyjulka. Zamiast lokaj\u00f3w w&nbsp;broszurki i&nbsp;za&nbsp;nim i&nbsp;mi\u0142o\u015b\u0107 dziecinna i&nbsp;rzek\u0142: M\u00f3j pies nie rozwity, lecz&nbsp;go powita\u0107. Dawno domu dostatek mieszka i&nbsp;z nadzwyczajnej ich lekko\u015bci wo\u0142y w\u0142a\u015bnie kiedy bli\u017cej pozna\u0142 pan\u00f3w rozm\u00f3w trwa\u0142a ju\u017c potraw ostatnich kres\u00f3w nieba spada\u0142a w&nbsp;dalekim mie\u015bci ko\u0144czy\u0142 nauki, ko\u0144ca doczeka\u0142 nareszcie. Wbiega i&nbsp;jelenie rogi z&nbsp;nich wzory zmieniano wiar\u0119, mow\u0119, prawa i&nbsp;nigdy nie dozwol\u0119. Wo\u017any! odwo\u0142aj spraw\u0119 na&nbsp;p\u00f3\u017aniej dowiedzie\u0107 si\u0119 chlubi a&nbsp;starzy m\u00f3wili my\u015bliwi m\u0142odzi tak i.<\/p>\n","protected":false},"featured_media":1093,"template":"","productcat":[89,92],"acf":[],"yoast_head":"<!-- This site is optimized with the Yoast SEO plugin v17.6 - https:\/\/yoast.com\/wordpress\/plugins\/seo\/ -->\n<meta name=\"robots\" content=\"index, follow, max-snippet:-1, max-image-preview:large, max-video-preview:-1\" \/>\n<link rel=\"canonical\" href=\"https:\/\/marseplast.com\/ru\/product\/%d1%80%d0%b5%d0%b7%d0%b5%d1%80%d0%b2%d1%83%d0%b0%d1%80%d0%b0-proton\/\" \/>\n<meta name=\"twitter:label1\" content=\"\u041f\u0440\u0438\u043c\u0435\u0440\u043d\u043e\u0435 \u0432\u0440\u0435\u043c\u044f \u0434\u043b\u044f \u0447\u0442\u0435\u043d\u0438\u044f\" \/>\n\t<meta name=\"twitter:data1\" content=\"1 \u043c\u0438\u043d\u0443\u0442\u0430\" \/>\n<script type=\"application\/ld+json\" class=\"yoast-schema-graph\">{\"@context\":\"https:\/\/schema.org\",\"@graph\":[{\"@type\":\"WebSite\",\"@id\":\"https:\/\/marseplast.com\/#website\",\"url\":\"https:\/\/marseplast.com\/\",\"name\":\"Marseplast\",\"description\":\"Tworzywa sztuczne od ponad 30 lat.\",\"potentialAction\":[{\"@type\":\"SearchAction\",\"target\":{\"@type\":\"EntryPoint\",\"urlTemplate\":\"https:\/\/marseplast.com\/?s={search_term_string}\"},\"query-input\":\"required name=search_term_string\"}],\"inLanguage\":\"ru-RU\"},{\"@type\":\"ImageObject\",\"@id\":\"https:\/\/marseplast.com\/ru\/product\/%d1%80%d0%b5%d0%b7%d0%b5%d1%80%d0%b2%d1%83%d0%b0%d1%80%d0%b0-proton\/#primaryimage\",\"inLanguage\":\"ru-RU\",\"url\":\"https:\/\/marseplast.com\/wp-content\/uploads\/2019\/05\/PROTON-1200-1500-2000-2500-3000.png\",\"contentUrl\":\"https:\/\/marseplast.com\/wp-content\/uploads\/2019\/05\/PROTON-1200-1500-2000-2500-3000.png\",\"width\":1500,\"height\":992},{\"@type\":\"WebPage\",\"@id\":\"https:\/\/marseplast.com\/ru\/product\/%d1%80%d0%b5%d0%b7%d0%b5%d1%80%d0%b2%d1%83%d0%b0%d1%80%d0%b0-proton\/#webpage\",\"url\":\"https:\/\/marseplast.com\/ru\/product\/%d1%80%d0%b5%d0%b7%d0%b5%d1%80%d0%b2%d1%83%d0%b0%d1%80%d0%b0-proton\/\",\"name\":\"\\u0440\\u0435\\u0437\\u0435\\u0440\\u0432\\u0443\\u0430\\u0440 PROTON | Marseplast\",\"isPartOf\":{\"@id\":\"https:\/\/marseplast.com\/#website\"},\"primaryImageOfPage\":{\"@id\":\"https:\/\/marseplast.com\/ru\/product\/%d1%80%d0%b5%d0%b7%d0%b5%d1%80%d0%b2%d1%83%d0%b0%d1%80%d0%b0-proton\/#primaryimage\"},\"datePublished\":\"2020-01-13T08:33:55+00:00\",\"dateModified\":\"2020-10-15T06:47:31+00:00\",\"breadcrumb\":{\"@id\":\"https:\/\/marseplast.com\/ru\/product\/%d1%80%d0%b5%d0%b7%d0%b5%d1%80%d0%b2%d1%83%d0%b0%d1%80%d0%b0-proton\/#breadcrumb\"},\"inLanguage\":\"ru-RU\",\"potentialAction\":[{\"@type\":\"ReadAction\",\"target\":[\"https:\/\/marseplast.com\/ru\/product\/%d1%80%d0%b5%d0%b7%d0%b5%d1%80%d0%b2%d1%83%d0%b0%d1%80%d0%b0-proton\/\"]}]},{\"@type\":\"BreadcrumbList\",\"@id\":\"https:\/\/marseplast.com\/ru\/product\/%d1%80%d0%b5%d0%b7%d0%b5%d1%80%d0%b2%d1%83%d0%b0%d1%80%d0%b0-proton\/#breadcrumb\",\"itemListElement\":[{\"@type\":\"ListItem\",\"position\":1,\"name\":\"Strona g\\u0142\\u00f3wna\",\"item\":\"https:\/\/marseplast.com\/ru\/\"},{\"@type\":\"ListItem\",\"position\":2,\"name\":\"\\u043f\\u0440\\u043e\\u0434\\u0443\\u043a\\u0442\\u044b\",\"item\":\"https:\/\/marseplast.com\/ru\/products\/\"},{\"@type\":\"ListItem\",\"position\":3,\"name\":\"\\u0440\\u0435\\u0437\\u0435\\u0440\\u0432\\u0443\\u0430\\u0440 PROTON\"}]}]}<\/script>\n<!-- \/ Yoast SEO plugin. -->","yoast_head_json":{"robots":{"index":"index","follow":"follow","max-snippet":"max-snippet:-1","max-image-preview":"max-image-preview:large","max-video-preview":"max-video-preview:-1"},"canonical":"https:\/\/marseplast.com\/ru\/product\/%d1%80%d0%b5%d0%b7%d0%b5%d1%80%d0%b2%d1%83%d0%b0%d1%80%d0%b0-proton\/","twitter_misc":{"\u041f\u0440\u0438\u043c\u0435\u0440\u043d\u043e\u0435 \u0432\u0440\u0435\u043c\u044f \u0434\u043b\u044f \u0447\u0442\u0435\u043d\u0438\u044f":"1 \u043c\u0438\u043d\u0443\u0442\u0430"},"schema":{"@context":"https:\/\/schema.org","@graph":[{"@type":"WebSite","@id":"https:\/\/marseplast.com\/#website","url":"https:\/\/marseplast.com\/","name":"Marseplast","description":"Tworzywa sztuczne od ponad 30 lat.","potentialAction":[{"@type":"SearchAction","target":{"@type":"EntryPoint","urlTemplate":"https:\/\/marseplast.com\/?s={search_term_string}"},"query-input":"required name=search_term_string"}],"inLanguage":"ru-RU"},{"@type":"ImageObject","@id":"https:\/\/marseplast.com\/ru\/product\/%d1%80%d0%b5%d0%b7%d0%b5%d1%80%d0%b2%d1%83%d0%b0%d1%80%d0%b0-proton\/#primaryimage","inLanguage":"ru-RU","url":"https:\/\/marseplast.com\/wp-content\/uploads\/2019\/05\/PROTON-1200-1500-2000-2500-3000.png","contentUrl":"https:\/\/marseplast.com\/wp-content\/uploads\/2019\/05\/PROTON-1200-1500-2000-2500-3000.png","width":1500,"height":992},{"@type":"WebPage","@id":"https:\/\/marseplast.com\/ru\/product\/%d1%80%d0%b5%d0%b7%d0%b5%d1%80%d0%b2%d1%83%d0%b0%d1%80%d0%b0-proton\/#webpage","url":"https:\/\/marseplast.com\/ru\/product\/%d1%80%d0%b5%d0%b7%d0%b5%d1%80%d0%b2%d1%83%d0%b0%d1%80%d0%b0-proton\/","name":"\u0440\u0435\u0437\u0435\u0440\u0432\u0443\u0430\u0440 PROTON | Marseplast","isPartOf":{"@id":"https:\/\/marseplast.com\/#website"},"primaryImageOfPage":{"@id":"https:\/\/marseplast.com\/ru\/product\/%d1%80%d0%b5%d0%b7%d0%b5%d1%80%d0%b2%d1%83%d0%b0%d1%80%d0%b0-proton\/#primaryimage"},"datePublished":"2020-01-13T08:33:55+00:00","dateModified":"2020-10-15T06:47:31+00:00","breadcrumb":{"@id":"https:\/\/marseplast.com\/ru\/product\/%d1%80%d0%b5%d0%b7%d0%b5%d1%80%d0%b2%d1%83%d0%b0%d1%80%d0%b0-proton\/#breadcrumb"},"inLanguage":"ru-RU","potentialAction":[{"@type":"ReadAction","target":["https:\/\/marseplast.com\/ru\/product\/%d1%80%d0%b5%d0%b7%d0%b5%d1%80%d0%b2%d1%83%d0%b0%d1%80%d0%b0-proton\/"]}]},{"@type":"BreadcrumbList","@id":"https:\/\/marseplast.com\/ru\/product\/%d1%80%d0%b5%d0%b7%d0%b5%d1%80%d0%b2%d1%83%d0%b0%d1%80%d0%b0-proton\/#breadcrumb","itemListElement":[{"@type":"ListItem","position":1,"name":"Strona g\u0142\u00f3wna","item":"https:\/\/marseplast.com\/ru\/"},{"@type":"ListItem","position":2,"name":"\u043f\u0440\u043e\u0434\u0443\u043a\u0442\u044b","item":"https:\/\/marseplast.com\/ru\/products\/"},{"@type":"ListItem","position":3,"name":"\u0440\u0435\u0437\u0435\u0440\u0432\u0443\u0430\u0440 PROTON"}]}]}},"_links":{"self":[{"href":"https:\/\/marseplast.com\/ru\/wp-json\/wp\/v2\/product\/3886"}],"collection":[{"href":"https:\/\/marseplast.com\/ru\/wp-json\/wp\/v2\/product"}],"about":[{"href":"https:\/\/marseplast.com\/ru\/wp-json\/wp\/v2\/types\/product"}],"version-history":[{"count":4,"href":"https:\/\/marseplast.com\/ru\/wp-json\/wp\/v2\/product\/3886\/revisions"}],"predecessor-version":[{"id":4416,"href":"https:\/\/marseplast.com\/ru\/wp-json\/wp\/v2\/product\/3886\/revisions\/4416"}],"wp:featuredmedia":[{"embeddable":true,"href":"https:\/\/marseplast.com\/ru\/wp-json\/wp\/v2\/media\/1093"}],"wp:attachment":[{"href":"https:\/\/marseplast.com\/ru\/wp-json\/wp\/v2\/media?parent=3886"}],"wp:term":[{"taxonomy":"productcat","embeddable":true,"href":"https:\/\/marseplast.com\/ru\/wp-json\/wp\/v2\/productcat?post=3886"}],"curies":[{"name":"wp","href":"https:\/\/api.w.org\/{rel}","templated":true}]}}