{"id":4054,"date":"2020-01-15T09:14:32","date_gmt":"2020-01-15T08:14:32","guid":{"rendered":"https:\/\/marseplast.com\/product\/%d1%80%d0%b0%d1%81%d0%bf%d1%80%d0%b5%d0%b4%d0%b5%d0%bb%d0%b8%d1%82%d0%b5%d0%bb%d1%8c-copy\/"},"modified":"2020-01-15T09:15:11","modified_gmt":"2020-01-15T08:15:11","slug":"%d1%80%d0%b0%d1%81%d0%bf%d1%80%d0%b5%d0%b4%d0%b5%d0%bb%d0%b8%d1%82%d0%b5%d0%bb%d1%8c2","status":"publish","type":"product","link":"https:\/\/marseplast.com\/ru\/product\/%d1%80%d0%b0%d1%81%d0%bf%d1%80%d0%b5%d0%b4%d0%b5%d0%bb%d0%b8%d1%82%d0%b5%d0%bb%d1%8c2\/","title":{"rendered":"\u0420\u0430\u0441\u043f\u0440\u0435\u0434\u0435\u043b\u0438\u0442\u0435\u043b\u044c"},"content":{"rendered":"","protected":false},"featured_media":2160,"template":"","productcat":[85,86],"acf":[],"yoast_head":"<!-- This site is optimized with the Yoast SEO plugin v17.6 - https:\/\/yoast.com\/wordpress\/plugins\/seo\/ -->\n<meta name=\"robots\" content=\"index, follow, max-snippet:-1, max-image-preview:large, max-video-preview:-1\" \/>\n<link rel=\"canonical\" href=\"https:\/\/marseplast.com\/ru\/product\/%d1%80%d0%b0%d1%81%d0%bf%d1%80%d0%b5%d0%b4%d0%b5%d0%bb%d0%b8%d1%82%d0%b5%d0%bb%d1%8c2\/\" \/>\n<script type=\"application\/ld+json\" class=\"yoast-schema-graph\">{\"@context\":\"https:\/\/schema.org\",\"@graph\":[{\"@type\":\"WebSite\",\"@id\":\"https:\/\/marseplast.com\/#website\",\"url\":\"https:\/\/marseplast.com\/\",\"name\":\"Marseplast\",\"description\":\"Tworzywa sztuczne od ponad 30 lat.\",\"potentialAction\":[{\"@type\":\"SearchAction\",\"target\":{\"@type\":\"EntryPoint\",\"urlTemplate\":\"https:\/\/marseplast.com\/?s={search_term_string}\"},\"query-input\":\"required name=search_term_string\"}],\"inLanguage\":\"ru-RU\"},{\"@type\":\"ImageObject\",\"@id\":\"https:\/\/marseplast.com\/ru\/product\/%d1%80%d0%b0%d1%81%d0%bf%d1%80%d0%b5%d0%b4%d0%b5%d0%bb%d0%b8%d1%82%d0%b5%d0%bb%d1%8c2\/#primaryimage\",\"inLanguage\":\"ru-RU\",\"url\":\"https:\/\/marseplast.com\/wp-content\/uploads\/2019\/06\/Rozdzielacz-z-regulacj\\u0105-ci\\u015bnienia-oraz-z-filrem-zewn\\u0119trznym-2.jpg\",\"contentUrl\":\"https:\/\/marseplast.com\/wp-content\/uploads\/2019\/06\/Rozdzielacz-z-regulacj\\u0105-ci\\u015bnienia-oraz-z-filrem-zewn\\u0119trznym-2.jpg\",\"width\":600,\"height\":600,\"caption\":\"OLYMPUS DIGITAL CAMERA\"},{\"@type\":\"WebPage\",\"@id\":\"https:\/\/marseplast.com\/ru\/product\/%d1%80%d0%b0%d1%81%d0%bf%d1%80%d0%b5%d0%b4%d0%b5%d0%bb%d0%b8%d1%82%d0%b5%d0%bb%d1%8c2\/#webpage\",\"url\":\"https:\/\/marseplast.com\/ru\/product\/%d1%80%d0%b0%d1%81%d0%bf%d1%80%d0%b5%d0%b4%d0%b5%d0%bb%d0%b8%d1%82%d0%b5%d0%bb%d1%8c2\/\",\"name\":\"\\u0420\\u0430\\u0441\\u043f\\u0440\\u0435\\u0434\\u0435\\u043b\\u0438\\u0442\\u0435\\u043b\\u044c | Marseplast\",\"isPartOf\":{\"@id\":\"https:\/\/marseplast.com\/#website\"},\"primaryImageOfPage\":{\"@id\":\"https:\/\/marseplast.com\/ru\/product\/%d1%80%d0%b0%d1%81%d0%bf%d1%80%d0%b5%d0%b4%d0%b5%d0%bb%d0%b8%d1%82%d0%b5%d0%bb%d1%8c2\/#primaryimage\"},\"datePublished\":\"2020-01-15T08:14:32+00:00\",\"dateModified\":\"2020-01-15T08:15:11+00:00\",\"breadcrumb\":{\"@id\":\"https:\/\/marseplast.com\/ru\/product\/%d1%80%d0%b0%d1%81%d0%bf%d1%80%d0%b5%d0%b4%d0%b5%d0%bb%d0%b8%d1%82%d0%b5%d0%bb%d1%8c2\/#breadcrumb\"},\"inLanguage\":\"ru-RU\",\"potentialAction\":[{\"@type\":\"ReadAction\",\"target\":[\"https:\/\/marseplast.com\/ru\/product\/%d1%80%d0%b0%d1%81%d0%bf%d1%80%d0%b5%d0%b4%d0%b5%d0%bb%d0%b8%d1%82%d0%b5%d0%bb%d1%8c2\/\"]}]},{\"@type\":\"BreadcrumbList\",\"@id\":\"https:\/\/marseplast.com\/ru\/product\/%d1%80%d0%b0%d1%81%d0%bf%d1%80%d0%b5%d0%b4%d0%b5%d0%bb%d0%b8%d1%82%d0%b5%d0%bb%d1%8c2\/#breadcrumb\",\"itemListElement\":[{\"@type\":\"ListItem\",\"position\":1,\"name\":\"Strona g\\u0142\\u00f3wna\",\"item\":\"https:\/\/marseplast.com\/ru\/\"},{\"@type\":\"ListItem\",\"position\":2,\"name\":\"\\u043f\\u0440\\u043e\\u0434\\u0443\\u043a\\u0442\\u044b\",\"item\":\"https:\/\/marseplast.com\/ru\/products\/\"},{\"@type\":\"ListItem\",\"position\":3,\"name\":\"\\u0420\\u0430\\u0441\\u043f\\u0440\\u0435\\u0434\\u0435\\u043b\\u0438\\u0442\\u0435\\u043b\\u044c\"}]}]}<\/script>\n<!-- \/ Yoast SEO plugin. -->","yoast_head_json":{"robots":{"index":"index","follow":"follow","max-snippet":"max-snippet:-1","max-image-preview":"max-image-preview:large","max-video-preview":"max-video-preview:-1"},"canonical":"https:\/\/marseplast.com\/ru\/product\/%d1%80%d0%b0%d1%81%d0%bf%d1%80%d0%b5%d0%b4%d0%b5%d0%bb%d0%b8%d1%82%d0%b5%d0%bb%d1%8c2\/","schema":{"@context":"https:\/\/schema.org","@graph":[{"@type":"WebSite","@id":"https:\/\/marseplast.com\/#website","url":"https:\/\/marseplast.com\/","name":"Marseplast","description":"Tworzywa sztuczne od ponad 30 lat.","potentialAction":[{"@type":"SearchAction","target":{"@type":"EntryPoint","urlTemplate":"https:\/\/marseplast.com\/?s={search_term_string}"},"query-input":"required name=search_term_string"}],"inLanguage":"ru-RU"},{"@type":"ImageObject","@id":"https:\/\/marseplast.com\/ru\/product\/%d1%80%d0%b0%d1%81%d0%bf%d1%80%d0%b5%d0%b4%d0%b5%d0%bb%d0%b8%d1%82%d0%b5%d0%bb%d1%8c2\/#primaryimage","inLanguage":"ru-RU","url":"https:\/\/marseplast.com\/wp-content\/uploads\/2019\/06\/Rozdzielacz-z-regulacj\u0105-ci\u015bnienia-oraz-z-filrem-zewn\u0119trznym-2.jpg","contentUrl":"https:\/\/marseplast.com\/wp-content\/uploads\/2019\/06\/Rozdzielacz-z-regulacj\u0105-ci\u015bnienia-oraz-z-filrem-zewn\u0119trznym-2.jpg","width":600,"height":600,"caption":"OLYMPUS DIGITAL CAMERA"},{"@type":"WebPage","@id":"https:\/\/marseplast.com\/ru\/product\/%d1%80%d0%b0%d1%81%d0%bf%d1%80%d0%b5%d0%b4%d0%b5%d0%bb%d0%b8%d1%82%d0%b5%d0%bb%d1%8c2\/#webpage","url":"https:\/\/marseplast.com\/ru\/product\/%d1%80%d0%b0%d1%81%d0%bf%d1%80%d0%b5%d0%b4%d0%b5%d0%bb%d0%b8%d1%82%d0%b5%d0%bb%d1%8c2\/","name":"\u0420\u0430\u0441\u043f\u0440\u0435\u0434\u0435\u043b\u0438\u0442\u0435\u043b\u044c | Marseplast","isPartOf":{"@id":"https:\/\/marseplast.com\/#website"},"primaryImageOfPage":{"@id":"https:\/\/marseplast.com\/ru\/product\/%d1%80%d0%b0%d1%81%d0%bf%d1%80%d0%b5%d0%b4%d0%b5%d0%bb%d0%b8%d1%82%d0%b5%d0%bb%d1%8c2\/#primaryimage"},"datePublished":"2020-01-15T08:14:32+00:00","dateModified":"2020-01-15T08:15:11+00:00","breadcrumb":{"@id":"https:\/\/marseplast.com\/ru\/product\/%d1%80%d0%b0%d1%81%d0%bf%d1%80%d0%b5%d0%b4%d0%b5%d0%bb%d0%b8%d1%82%d0%b5%d0%bb%d1%8c2\/#breadcrumb"},"inLanguage":"ru-RU","potentialAction":[{"@type":"ReadAction","target":["https:\/\/marseplast.com\/ru\/product\/%d1%80%d0%b0%d1%81%d0%bf%d1%80%d0%b5%d0%b4%d0%b5%d0%bb%d0%b8%d1%82%d0%b5%d0%bb%d1%8c2\/"]}]},{"@type":"BreadcrumbList","@id":"https:\/\/marseplast.com\/ru\/product\/%d1%80%d0%b0%d1%81%d0%bf%d1%80%d0%b5%d0%b4%d0%b5%d0%bb%d0%b8%d1%82%d0%b5%d0%bb%d1%8c2\/#breadcrumb","itemListElement":[{"@type":"ListItem","position":1,"name":"Strona g\u0142\u00f3wna","item":"https:\/\/marseplast.com\/ru\/"},{"@type":"ListItem","position":2,"name":"\u043f\u0440\u043e\u0434\u0443\u043a\u0442\u044b","item":"https:\/\/marseplast.com\/ru\/products\/"},{"@type":"ListItem","position":3,"name":"\u0420\u0430\u0441\u043f\u0440\u0435\u0434\u0435\u043b\u0438\u0442\u0435\u043b\u044c"}]}]}},"_links":{"self":[{"href":"https:\/\/marseplast.com\/ru\/wp-json\/wp\/v2\/product\/4054"}],"collection":[{"href":"https:\/\/marseplast.com\/ru\/wp-json\/wp\/v2\/product"}],"about":[{"href":"https:\/\/marseplast.com\/ru\/wp-json\/wp\/v2\/types\/product"}],"version-history":[{"count":1,"href":"https:\/\/marseplast.com\/ru\/wp-json\/wp\/v2\/product\/4054\/revisions"}],"predecessor-version":[{"id":4055,"href":"https:\/\/marseplast.com\/ru\/wp-json\/wp\/v2\/product\/4054\/revisions\/4055"}],"wp:featuredmedia":[{"embeddable":true,"href":"https:\/\/marseplast.com\/ru\/wp-json\/wp\/v2\/media\/2160"}],"wp:attachment":[{"href":"https:\/\/marseplast.com\/ru\/wp-json\/wp\/v2\/media?parent=4054"}],"wp:term":[{"taxonomy":"productcat","embeddable":true,"href":"https:\/\/marseplast.com\/ru\/wp-json\/wp\/v2\/productcat?post=4054"}],"curies":[{"name":"wp","href":"https:\/\/api.w.org\/{rel}","templated":true}]}}